{"id":568,"date":"2022-03-17T21:28:55","date_gmt":"2022-03-17T21:28:55","guid":{"rendered":"https:\/\/anidrasrooms.com\/?page_id=568"},"modified":"2023-01-07T15:24:57","modified_gmt":"2023-01-07T15:24:57","slug":"como-llegar","status":"publish","type":"page","link":"https:\/\/anidrasrooms.com\/index.php\/como-llegar\/","title":{"rendered":"Como llegar"},"content":{"rendered":"\n<div style=\"height:40px\" aria-hidden=\"true\" class=\"wp-block-spacer\"><\/div>\n\n\n\n<h2 class=\"wp-block-heading\">En Autom\u00f3vil<\/h2>\n\n\n\n<div style=\"height:25px\" aria-hidden=\"true\" class=\"wp-block-spacer\"><\/div>\n\n\n\n<p class=\"has-black-color has-white-background-color has-text-color has-background\">Si dispones de autom\u00f3vil, podr\u00e1s usar el GPS o app de Google Maps introduciendo las siguientes coordenadas;<\/p>\n\n\n\n<div style=\"height:25px\" aria-hidden=\"true\" class=\"wp-block-spacer\"><\/div>\n\n\n\n<h3 class=\"has-text-align-center wp-block-heading\"><a href=\"https:\/\/www.google.es\/maps\/place\/28%C2%B009'08.0%22N+15%C2%B041'34.8%22W\/@28.1521566,-15.6932363,19.87z\/data=!4m6!3m5!1s0x0:0x6b26abbada4399db!7e2!8m2!3d28.1522126!4d-15.6929877\" target=\"_blank\" rel=\"noreferrer noopener\">28.152213, -15.692988<\/a><\/h3>\n\n\n\n<div style=\"height:25px\" aria-hidden=\"true\" class=\"wp-block-spacer\"><\/div>\n\n\n\n<h3 class=\"has-text-align-center wp-block-heading\"><a href=\"https:\/\/www.google.es\/maps\/place\/28%C2%B009'08.0%22N+15%C2%B041'34.8%22W\/@28.1521566,-15.6932363,19.87z\/data=!4m6!3m5!1s0x0:0x6b26abbada4399db!7e2!8m2!3d28.1522126!4d-15.6929877\" target=\"_blank\" rel=\"noreferrer noopener\">28\u00b009&#8217;08.0&#8243;N  15\u00b041&#8217;34.8&#8243;W<\/a><\/h3>\n\n\n\n<div style=\"height:35px\" aria-hidden=\"true\" class=\"wp-block-spacer\"><\/div>\n\n\n\n<p><iframe src=\"https:\/\/www.google.com\/maps\/embed?pb=!1m18!1m12!1m3!1d1758.903584055376!2d-15.693907537115857!3d28.152357895397042!2m3!1f0!2f0!3f0!3m2!1i1024!2i768!4f13.1!3m3!1m2!1s0xc40f4a19a1d74af%3A0x461218e272b95e3d!2sAv.%20Alcalde%20Antonio%20Rosas%2C%2024%2C%2035469%20Puerto%20de%20Sardina%2C%20Las%20Palmas!5e0!3m2!1ses!2ses!4v1646185289187!5m2!1ses!2ses\" width=\"1000\" height=\"600\" style=\"border:0;\" allowfullscreen=\"\" loading=\"lazy\"><\/iframe><\/p>\n\n\n\n<div style=\"height:100px\" aria-hidden=\"true\" class=\"wp-block-spacer\"><\/div>\n\n\n\n<h2 class=\"wp-block-heading\">En Transporte P\u00fablico<\/h2>\n\n\n\n<div style=\"height:25px\" aria-hidden=\"true\" class=\"wp-block-spacer\"><\/div>\n\n\n\n<p class=\"has-black-color has-white-background-color has-text-color has-background\">Si no dispones de autom\u00f3vil y llegas por el Aeropuerto de Gran Canaria podr\u00e1s hacer uso del transporte p\u00fablico para llegar hasta <strong>ANIDRAS Rooms<\/strong>, las dos opciones disponibles ser\u00eda el servicio de <strong>TAXI <\/strong>a la salida de la terminal, o el servicio de autobuses, las l\u00edneas que debes tomar son las siguientes;<\/p>\n\n\n\n<div style=\"height:25px\" aria-hidden=\"true\" class=\"wp-block-spacer\"><\/div>\n\n\n\n<h3 class=\"wp-block-heading\"><a href=\"https:\/\/anidrasrooms.com\/wp-content\/uploads\/2022\/03\/Linea-60-Global.pdf\" target=\"_blank\" rel=\"noreferrer noopener\"><img data-recalc-dims=\"1\" loading=\"lazy\" decoding=\"async\" width=\"35\" height=\"35\" class=\"wp-image-585\" style=\"width: 35px;\" src=\"https:\/\/i0.wp.com\/anidrasrooms.com\/wp-content\/uploads\/2022\/03\/Guagua-con-Reloj-AHE.png?resize=35%2C35&#038;ssl=1\" alt=\"\" srcset=\"https:\/\/i0.wp.com\/anidrasrooms.com\/wp-content\/uploads\/2022\/03\/Guagua-con-Reloj-AHE.png?w=64&amp;ssl=1 64w, https:\/\/i0.wp.com\/anidrasrooms.com\/wp-content\/uploads\/2022\/03\/Guagua-con-Reloj-AHE.png?resize=1%2C1&amp;ssl=1 1w\" sizes=\"auto, (max-width: 35px) 100vw, 35px\" \/><\/a>  L\u00ednea 60 (GLOBAL)   Aeropuerto &#8211; Las Palmas de G.C. (Santa Catalina)<\/h3>\n\n\n\n<div style=\"height:15px\" aria-hidden=\"true\" class=\"wp-block-spacer\"><\/div>\n\n\n\n<p class=\"has-black-color has-white-background-color has-text-color has-background\">Tomar la L\u00ednea 60 desde el Aeropuerto de Gran Canaria hasta la <strong>Estaci\u00f3n de<\/strong> <strong>San Telmo<\/strong> en Las Palmas de Gran Canaria. Una vez en esta estaci\u00f3n deber\u00e1s dirigirte al and\u00e9n 6 para tomar la L\u00ednea 100 (DIRECTA) o al and\u00e9n 5 para la L\u00ednea 105. <\/p>\n\n\n\n<div style=\"height:15px\" aria-hidden=\"true\" class=\"wp-block-spacer\"><\/div>\n\n\n\n<h3 class=\"wp-block-heading\"><a href=\"https:\/\/anidrasrooms.com\/wp-content\/uploads\/2023\/01\/Linea-100-Global.pdf\" target=\"_blank\" rel=\"noreferrer noopener\"><img data-recalc-dims=\"1\" loading=\"lazy\" decoding=\"async\" width=\"35\" height=\"35\" class=\"wp-image-585\" style=\"width: 35px;\" src=\"https:\/\/i0.wp.com\/anidrasrooms.com\/wp-content\/uploads\/2022\/03\/Guagua-con-Reloj-AHE.png?resize=35%2C35&#038;ssl=1\" alt=\"\" srcset=\"https:\/\/i0.wp.com\/anidrasrooms.com\/wp-content\/uploads\/2022\/03\/Guagua-con-Reloj-AHE.png?w=64&amp;ssl=1 64w, https:\/\/i0.wp.com\/anidrasrooms.com\/wp-content\/uploads\/2022\/03\/Guagua-con-Reloj-AHE.png?resize=1%2C1&amp;ssl=1 1w\" sizes=\"auto, (max-width: 35px) 100vw, 35px\" \/><\/a>  L\u00ednea 100 (GLOBAL)   Las Palmas de G.C. &#8211; G\u00e1ldar (DIRECTO)<\/h3>\n\n\n\n<h3 class=\"wp-block-heading\"><a href=\"https:\/\/anidrasrooms.com\/wp-content\/uploads\/2022\/03\/Linea-105-Global.pdf\" target=\"_blank\" rel=\"noreferrer noopener\"><img data-recalc-dims=\"1\" loading=\"lazy\" decoding=\"async\" width=\"35\" height=\"35\" class=\"wp-image-585\" style=\"width: 35px;\" src=\"https:\/\/i0.wp.com\/anidrasrooms.com\/wp-content\/uploads\/2022\/03\/Guagua-con-Reloj-AHE.png?resize=35%2C35&#038;ssl=1\" alt=\"\" srcset=\"https:\/\/i0.wp.com\/anidrasrooms.com\/wp-content\/uploads\/2022\/03\/Guagua-con-Reloj-AHE.png?w=64&amp;ssl=1 64w, https:\/\/i0.wp.com\/anidrasrooms.com\/wp-content\/uploads\/2022\/03\/Guagua-con-Reloj-AHE.png?resize=1%2C1&amp;ssl=1 1w\" sizes=\"auto, (max-width: 35px) 100vw, 35px\" \/><\/a>  L\u00ednea 105 (GLOBAL)   Las Palmas de G.C. &#8211; G\u00e1ldar<\/h3>\n\n\n\n<div style=\"height:15px\" aria-hidden=\"true\" class=\"wp-block-spacer\"><\/div>\n\n\n\n<p class=\"has-black-color has-white-background-color has-text-color has-background\">En el and\u00e9n 6 (L\u00ednea 100 DIRECTA) o and\u00e9n 5 (L\u00ednea 105) de la <strong>Estaci\u00f3n de San Telmo<\/strong> tomar\u00e1s una de estas l\u00edneas hasta la <strong>Estaci\u00f3n de G\u00e1ldar<\/strong>, donde luego podr\u00e1s hacer uso de la L\u00ednea 1 de Guaguas Guzm\u00e1n hasta Sardina de G\u00e1ldar .<\/p>\n\n\n\n<div style=\"height:15px\" aria-hidden=\"true\" class=\"wp-block-spacer\"><\/div>\n\n\n\n<h3 class=\"wp-block-heading\"><a href=\"https:\/\/anidrasrooms.com\/wp-content\/uploads\/2022\/03\/Linea-1-Guaguas-Guzman.pdf\" target=\"_blank\" rel=\"noreferrer noopener\"><img data-recalc-dims=\"1\" loading=\"lazy\" decoding=\"async\" width=\"35\" height=\"35\" class=\"wp-image-585\" style=\"width: 35px;\" src=\"https:\/\/i0.wp.com\/anidrasrooms.com\/wp-content\/uploads\/2022\/03\/Guagua-con-Reloj-AHE.png?resize=35%2C35&#038;ssl=1\" alt=\"\" srcset=\"https:\/\/i0.wp.com\/anidrasrooms.com\/wp-content\/uploads\/2022\/03\/Guagua-con-Reloj-AHE.png?w=64&amp;ssl=1 64w, https:\/\/i0.wp.com\/anidrasrooms.com\/wp-content\/uploads\/2022\/03\/Guagua-con-Reloj-AHE.png?resize=1%2C1&amp;ssl=1 1w\" sizes=\"auto, (max-width: 35px) 100vw, 35px\" \/><\/a>  L\u00ednea 1 (Guaguas Guzm\u00e1n)   G\u00e1ldar &#8211; Sardina del Norte<\/h3>\n\n\n\n<div style=\"height:15px\" aria-hidden=\"true\" class=\"wp-block-spacer\"><\/div>\n\n\n\n<p class=\"has-black-color has-white-background-color has-text-color has-background\">Una vez en en la <strong>Estaci\u00f3n de G\u00e1ldar<\/strong>, tomar la L\u00ednea 1 de Guaguas Guzm\u00e1n hasta <strong>Sardina del Norte<\/strong>, solicitarle al conductor que les deje a la altura del n<sup>o<\/sup> 24 de la Avenida Alcalde Antonio Rosas o en la parada m\u00e1s cercana. <\/p>\n\n\n\n<p> <\/p>\n\n\n\n<p> <\/p>\n\n\n\n<p>  <\/p>\n","protected":false},"excerpt":{"rendered":"<p>En Autom\u00f3vil Si dispones de autom\u00f3vil, podr\u00e1s usar el GPS o app de Google Maps introduciendo las siguientes coordenadas; 28.152213, -15.692988 28\u00b009&#8217;08.0&#8243;N 15\u00b041&#8217;34.8&#8243;W En Transporte P\u00fablico Si no dispones de &hellip; <\/p>\n","protected":false},"author":1,"featured_media":0,"parent":0,"menu_order":0,"comment_status":"closed","ping_status":"closed","template":"","meta":{"footnotes":""},"class_list":["post-568","page","type-page","status-publish","hentry"],"yoast_head":"<!-- This site is optimized with the Yoast SEO plugin v27.3 - https:\/\/yoast.com\/product\/yoast-seo-wordpress\/ -->\n<title>Como llegar - ANIDRAS Rooms<\/title>\n<meta name=\"description\" content=\"ANIDRAS Rooms %\" \/>\n<meta name=\"robots\" content=\"index, follow, max-snippet:-1, max-image-preview:large, max-video-preview:-1\" \/>\n<link rel=\"canonical\" href=\"https:\/\/anidrasrooms.com\/index.php\/como-llegar\/\" \/>\n<meta property=\"og:locale\" content=\"es_ES\" \/>\n<meta property=\"og:type\" content=\"article\" \/>\n<meta property=\"og:title\" content=\"Como llegar - ANIDRAS Rooms\" \/>\n<meta property=\"og:description\" content=\"ANIDRAS Rooms %\" \/>\n<meta property=\"og:url\" content=\"https:\/\/anidrasrooms.com\/index.php\/como-llegar\/\" \/>\n<meta property=\"og:site_name\" content=\"ANIDRAS Rooms\" \/>\n<meta property=\"article:publisher\" content=\"https:\/\/www.facebook.com\/Anidras-Rooms-678636835812346\" \/>\n<meta property=\"article:modified_time\" content=\"2023-01-07T15:24:57+00:00\" \/>\n<meta property=\"og:image\" content=\"https:\/\/anidrasrooms.com\/wp-content\/uploads\/2022\/03\/Guagua-con-Reloj-AHE.png\" \/>\n<meta name=\"twitter:card\" content=\"summary_large_image\" \/>\n<meta name=\"twitter:label1\" content=\"Tiempo de lectura\" \/>\n\t<meta name=\"twitter:data1\" content=\"2 minutos\" \/>\n<script type=\"application\/ld+json\" class=\"yoast-schema-graph\">{\"@context\":\"https:\\\/\\\/schema.org\",\"@graph\":[{\"@type\":\"WebPage\",\"@id\":\"https:\\\/\\\/anidrasrooms.com\\\/index.php\\\/como-llegar\\\/\",\"url\":\"https:\\\/\\\/anidrasrooms.com\\\/index.php\\\/como-llegar\\\/\",\"name\":\"Como llegar - ANIDRAS Rooms\",\"isPartOf\":{\"@id\":\"https:\\\/\\\/anidrasrooms.com\\\/#website\"},\"primaryImageOfPage\":{\"@id\":\"https:\\\/\\\/anidrasrooms.com\\\/index.php\\\/como-llegar\\\/#primaryimage\"},\"image\":{\"@id\":\"https:\\\/\\\/anidrasrooms.com\\\/index.php\\\/como-llegar\\\/#primaryimage\"},\"thumbnailUrl\":\"https:\\\/\\\/anidrasrooms.com\\\/wp-content\\\/uploads\\\/2022\\\/03\\\/Guagua-con-Reloj-AHE.png\",\"datePublished\":\"2022-03-17T21:28:55+00:00\",\"dateModified\":\"2023-01-07T15:24:57+00:00\",\"description\":\"ANIDRAS Rooms %\",\"breadcrumb\":{\"@id\":\"https:\\\/\\\/anidrasrooms.com\\\/index.php\\\/como-llegar\\\/#breadcrumb\"},\"inLanguage\":\"es\",\"potentialAction\":[{\"@type\":\"ReadAction\",\"target\":[\"https:\\\/\\\/anidrasrooms.com\\\/index.php\\\/como-llegar\\\/\"]}]},{\"@type\":\"ImageObject\",\"inLanguage\":\"es\",\"@id\":\"https:\\\/\\\/anidrasrooms.com\\\/index.php\\\/como-llegar\\\/#primaryimage\",\"url\":\"https:\\\/\\\/i0.wp.com\\\/anidrasrooms.com\\\/wp-content\\\/uploads\\\/2022\\\/03\\\/Guagua-con-Reloj-AHE.png?fit=64%2C64&ssl=1\",\"contentUrl\":\"https:\\\/\\\/i0.wp.com\\\/anidrasrooms.com\\\/wp-content\\\/uploads\\\/2022\\\/03\\\/Guagua-con-Reloj-AHE.png?fit=64%2C64&ssl=1\",\"width\":64,\"height\":64},{\"@type\":\"BreadcrumbList\",\"@id\":\"https:\\\/\\\/anidrasrooms.com\\\/index.php\\\/como-llegar\\\/#breadcrumb\",\"itemListElement\":[{\"@type\":\"ListItem\",\"position\":1,\"name\":\"Portada\",\"item\":\"https:\\\/\\\/anidrasrooms.com\\\/\"},{\"@type\":\"ListItem\",\"position\":2,\"name\":\"Como llegar\"}]},{\"@type\":\"WebSite\",\"@id\":\"https:\\\/\\\/anidrasrooms.com\\\/#website\",\"url\":\"https:\\\/\\\/anidrasrooms.com\\\/\",\"name\":\"ANIDRAS Rooms\",\"description\":\"VV-35\\\/1\\\/3699 . Tu alojamiento en Playa de Sardina - G\u00e1ldar - Gran Canaria\",\"publisher\":{\"@id\":\"https:\\\/\\\/anidrasrooms.com\\\/#organization\"},\"potentialAction\":[{\"@type\":\"SearchAction\",\"target\":{\"@type\":\"EntryPoint\",\"urlTemplate\":\"https:\\\/\\\/anidrasrooms.com\\\/?s={search_term_string}\"},\"query-input\":{\"@type\":\"PropertyValueSpecification\",\"valueRequired\":true,\"valueName\":\"search_term_string\"}}],\"inLanguage\":\"es\"},{\"@type\":\"Organization\",\"@id\":\"https:\\\/\\\/anidrasrooms.com\\\/#organization\",\"name\":\"ANIDRAS Rooms\",\"url\":\"https:\\\/\\\/anidrasrooms.com\\\/\",\"logo\":{\"@type\":\"ImageObject\",\"inLanguage\":\"es\",\"@id\":\"https:\\\/\\\/anidrasrooms.com\\\/#\\\/schema\\\/logo\\\/image\\\/\",\"url\":\"https:\\\/\\\/i0.wp.com\\\/anidrasrooms.com\\\/wp-content\\\/uploads\\\/2022\\\/03\\\/Anidras-LOGO-Transparencia-e1670719010115.png?fit=95%2C94&ssl=1\",\"contentUrl\":\"https:\\\/\\\/i0.wp.com\\\/anidrasrooms.com\\\/wp-content\\\/uploads\\\/2022\\\/03\\\/Anidras-LOGO-Transparencia-e1670719010115.png?fit=95%2C94&ssl=1\",\"width\":95,\"height\":94,\"caption\":\"ANIDRAS Rooms\"},\"image\":{\"@id\":\"https:\\\/\\\/anidrasrooms.com\\\/#\\\/schema\\\/logo\\\/image\\\/\"},\"sameAs\":[\"https:\\\/\\\/www.facebook.com\\\/Anidras-Rooms-678636835812346\",\"https:\\\/\\\/www.instagram.com\\\/anidrasrooms\\\/?hl=es\"]}]}<\/script>\n<!-- \/ Yoast SEO plugin. -->","yoast_head_json":{"title":"Como llegar - ANIDRAS Rooms","description":"ANIDRAS Rooms %","robots":{"index":"index","follow":"follow","max-snippet":"max-snippet:-1","max-image-preview":"max-image-preview:large","max-video-preview":"max-video-preview:-1"},"canonical":"https:\/\/anidrasrooms.com\/index.php\/como-llegar\/","og_locale":"es_ES","og_type":"article","og_title":"Como llegar - ANIDRAS Rooms","og_description":"ANIDRAS Rooms %","og_url":"https:\/\/anidrasrooms.com\/index.php\/como-llegar\/","og_site_name":"ANIDRAS Rooms","article_publisher":"https:\/\/www.facebook.com\/Anidras-Rooms-678636835812346","article_modified_time":"2023-01-07T15:24:57+00:00","og_image":[{"url":"https:\/\/anidrasrooms.com\/wp-content\/uploads\/2022\/03\/Guagua-con-Reloj-AHE.png","type":"","width":"","height":""}],"twitter_card":"summary_large_image","twitter_misc":{"Tiempo de lectura":"2 minutos"},"schema":{"@context":"https:\/\/schema.org","@graph":[{"@type":"WebPage","@id":"https:\/\/anidrasrooms.com\/index.php\/como-llegar\/","url":"https:\/\/anidrasrooms.com\/index.php\/como-llegar\/","name":"Como llegar - ANIDRAS Rooms","isPartOf":{"@id":"https:\/\/anidrasrooms.com\/#website"},"primaryImageOfPage":{"@id":"https:\/\/anidrasrooms.com\/index.php\/como-llegar\/#primaryimage"},"image":{"@id":"https:\/\/anidrasrooms.com\/index.php\/como-llegar\/#primaryimage"},"thumbnailUrl":"https:\/\/anidrasrooms.com\/wp-content\/uploads\/2022\/03\/Guagua-con-Reloj-AHE.png","datePublished":"2022-03-17T21:28:55+00:00","dateModified":"2023-01-07T15:24:57+00:00","description":"ANIDRAS Rooms %","breadcrumb":{"@id":"https:\/\/anidrasrooms.com\/index.php\/como-llegar\/#breadcrumb"},"inLanguage":"es","potentialAction":[{"@type":"ReadAction","target":["https:\/\/anidrasrooms.com\/index.php\/como-llegar\/"]}]},{"@type":"ImageObject","inLanguage":"es","@id":"https:\/\/anidrasrooms.com\/index.php\/como-llegar\/#primaryimage","url":"https:\/\/i0.wp.com\/anidrasrooms.com\/wp-content\/uploads\/2022\/03\/Guagua-con-Reloj-AHE.png?fit=64%2C64&ssl=1","contentUrl":"https:\/\/i0.wp.com\/anidrasrooms.com\/wp-content\/uploads\/2022\/03\/Guagua-con-Reloj-AHE.png?fit=64%2C64&ssl=1","width":64,"height":64},{"@type":"BreadcrumbList","@id":"https:\/\/anidrasrooms.com\/index.php\/como-llegar\/#breadcrumb","itemListElement":[{"@type":"ListItem","position":1,"name":"Portada","item":"https:\/\/anidrasrooms.com\/"},{"@type":"ListItem","position":2,"name":"Como llegar"}]},{"@type":"WebSite","@id":"https:\/\/anidrasrooms.com\/#website","url":"https:\/\/anidrasrooms.com\/","name":"ANIDRAS Rooms","description":"VV-35\/1\/3699 . Tu alojamiento en Playa de Sardina - G\u00e1ldar - Gran Canaria","publisher":{"@id":"https:\/\/anidrasrooms.com\/#organization"},"potentialAction":[{"@type":"SearchAction","target":{"@type":"EntryPoint","urlTemplate":"https:\/\/anidrasrooms.com\/?s={search_term_string}"},"query-input":{"@type":"PropertyValueSpecification","valueRequired":true,"valueName":"search_term_string"}}],"inLanguage":"es"},{"@type":"Organization","@id":"https:\/\/anidrasrooms.com\/#organization","name":"ANIDRAS Rooms","url":"https:\/\/anidrasrooms.com\/","logo":{"@type":"ImageObject","inLanguage":"es","@id":"https:\/\/anidrasrooms.com\/#\/schema\/logo\/image\/","url":"https:\/\/i0.wp.com\/anidrasrooms.com\/wp-content\/uploads\/2022\/03\/Anidras-LOGO-Transparencia-e1670719010115.png?fit=95%2C94&ssl=1","contentUrl":"https:\/\/i0.wp.com\/anidrasrooms.com\/wp-content\/uploads\/2022\/03\/Anidras-LOGO-Transparencia-e1670719010115.png?fit=95%2C94&ssl=1","width":95,"height":94,"caption":"ANIDRAS Rooms"},"image":{"@id":"https:\/\/anidrasrooms.com\/#\/schema\/logo\/image\/"},"sameAs":["https:\/\/www.facebook.com\/Anidras-Rooms-678636835812346","https:\/\/www.instagram.com\/anidrasrooms\/?hl=es"]}]}},"jetpack_sharing_enabled":true,"_links":{"self":[{"href":"https:\/\/anidrasrooms.com\/index.php\/wp-json\/wp\/v2\/pages\/568","targetHints":{"allow":["GET"]}}],"collection":[{"href":"https:\/\/anidrasrooms.com\/index.php\/wp-json\/wp\/v2\/pages"}],"about":[{"href":"https:\/\/anidrasrooms.com\/index.php\/wp-json\/wp\/v2\/types\/page"}],"author":[{"embeddable":true,"href":"https:\/\/anidrasrooms.com\/index.php\/wp-json\/wp\/v2\/users\/1"}],"replies":[{"embeddable":true,"href":"https:\/\/anidrasrooms.com\/index.php\/wp-json\/wp\/v2\/comments?post=568"}],"version-history":[{"count":21,"href":"https:\/\/anidrasrooms.com\/index.php\/wp-json\/wp\/v2\/pages\/568\/revisions"}],"predecessor-version":[{"id":1125,"href":"https:\/\/anidrasrooms.com\/index.php\/wp-json\/wp\/v2\/pages\/568\/revisions\/1125"}],"wp:attachment":[{"href":"https:\/\/anidrasrooms.com\/index.php\/wp-json\/wp\/v2\/media?parent=568"}],"curies":[{"name":"wp","href":"https:\/\/api.w.org\/{rel}","templated":true}]}}