{"id":552,"date":"2022-03-12T18:26:32","date_gmt":"2022-03-12T18:26:32","guid":{"rendered":"https:\/\/anidrasrooms.com\/?page_id=552"},"modified":"2022-12-11T21:12:34","modified_gmt":"2022-12-11T21:12:34","slug":"contacto","status":"publish","type":"page","link":"https:\/\/anidrasrooms.com\/index.php\/contacto\/","title":{"rendered":"Contacto"},"content":{"rendered":"\n<p class=\"has-text-align-left has-black-color has-white-background-color has-text-color has-background\">Si necesita realizar alguna consulta, o aclarar alguna duda puede usar el siguiente formulario de contacto;<\/p>\n\n\n<div class=\"wpforms-container wpforms-container-full wpforms-block\" id=\"wpforms-562\"><form id=\"wpforms-form-562\" class=\"wpforms-validate wpforms-form wpforms-ajax-form\" data-formid=\"562\" method=\"post\" enctype=\"multipart\/form-data\" action=\"\/index.php\/wp-json\/wp\/v2\/pages\/552\" data-token=\"1283c8487f3c28ebd23b8c27a10adfc1\" data-token-time=\"1776208186\"><noscript class=\"wpforms-error-noscript\">Por favor, activa JavaScript en tu navegador para completar este formulario.<\/noscript><div class=\"wpforms-field-container\"><div id=\"wpforms-562-field_0-container\" class=\"wpforms-field wpforms-field-name\" data-field-id=\"0\"><label class=\"wpforms-field-label\">Nombre \/ Name <span class=\"wpforms-required-label\">*<\/span><\/label><div class=\"wpforms-field-row wpforms-field-medium\"><div class=\"wpforms-field-row-block wpforms-first wpforms-one-half\"><input type=\"text\" id=\"wpforms-562-field_0\" class=\"wpforms-field-name-first wpforms-field-required\" name=\"wpforms[fields][0][first]\" required><label for=\"wpforms-562-field_0\" class=\"wpforms-field-sublabel after\">Nombre<\/label><\/div><div class=\"wpforms-field-row-block wpforms-one-half\"><input type=\"text\" id=\"wpforms-562-field_0-last\" class=\"wpforms-field-name-last wpforms-field-required\" name=\"wpforms[fields][0][last]\" required><label for=\"wpforms-562-field_0-last\" class=\"wpforms-field-sublabel after\">Apellidos<\/label><\/div><\/div><\/div><div id=\"wpforms-562-field_1-container\" class=\"wpforms-field wpforms-field-email\" data-field-id=\"1\"><label class=\"wpforms-field-label\" for=\"wpforms-562-field_1\">Email <span class=\"wpforms-required-label\">*<\/span><\/label><input type=\"email\" id=\"wpforms-562-field_1\" class=\"wpforms-field-medium wpforms-field-required\" name=\"wpforms[fields][1]\" spellcheck=\"false\" required><\/div><div id=\"wpforms-562-field_6-container\" class=\"wpforms-field wpforms-field-number\" data-field-id=\"6\"><label class=\"wpforms-field-label\" for=\"wpforms-562-field_6\">Tel\u00e9fono \/ WhatsApp<\/label><input type=\"number\" id=\"wpforms-562-field_6\" class=\"wpforms-field-medium\" name=\"wpforms[fields][6]\" step=\"any\" ><\/div><div id=\"wpforms-562-field_3-container\" class=\"wpforms-field wpforms-field-textarea\" data-field-id=\"3\"><label class=\"wpforms-field-label\" for=\"wpforms-562-field_3\">Texto \/ Text <span class=\"wpforms-required-label\">*<\/span><\/label><textarea id=\"wpforms-562-field_3\" class=\"wpforms-field-medium wpforms-field-required\" name=\"wpforms[fields][3]\" required><\/textarea><\/div><div id=\"wpforms-562-field_4-container\" class=\"wpforms-field wpforms-field-gdpr-checkbox\" data-field-id=\"4\"><label class=\"wpforms-field-label\">GDPR Agreement <span class=\"wpforms-required-label\">*<\/span><\/label><ul id=\"wpforms-562-field_4\" class=\"wpforms-field-required\"><li class=\"choice-1\"><input type=\"checkbox\" id=\"wpforms-562-field_4_1\" name=\"wpforms[fields][4][]\" value=\"Doy mi consentimiento para que este sitio web almacene la informaci\u00f3n que he enviado para que puedan responder a mi consulta. \/  I consent to having this website store my submitted information so they can respond to my inquiry.\" required ><label class=\"wpforms-field-label-inline\" for=\"wpforms-562-field_4_1\">Doy mi consentimiento para que este sitio web almacene la informaci\u00f3n que he enviado para que puedan responder a mi consulta. \/  I consent to having this website store my submitted information so they can respond to my inquiry.<\/label><\/li><\/ul><\/div><div id=\"wpforms-562-field_5-container\" class=\"wpforms-field wpforms-field-checkbox\" data-field-id=\"5\"><label class=\"wpforms-field-label\">Newsletter<\/label><ul id=\"wpforms-562-field_5\"><li class=\"choice-1 depth-1\"><input type=\"checkbox\" id=\"wpforms-562-field_5_1\" name=\"wpforms[fields][5][]\" value=\"S\u00ed, suscr\u00edbeme al bolet\u00edn de noticias. \/ Yes, sign me up to the newsletter.\"  ><label class=\"wpforms-field-label-inline\" for=\"wpforms-562-field_5_1\">S\u00ed, suscr\u00edbeme al bolet\u00edn de noticias. \/ Yes, sign me up to the newsletter.<\/label><\/li><\/ul><\/div><\/div><!-- .wpforms-field-container --><div class=\"wpforms-recaptcha-container wpforms-is-hcaptcha\" ><div class=\"h-captcha\" data-sitekey=\"386e874a-b9bf-48ac-afa1-52b303454940\"><\/div><input type=\"text\" name=\"g-recaptcha-hidden\" class=\"wpforms-recaptcha-hidden\" style=\"position:absolute!important;clip:rect(0,0,0,0)!important;height:1px!important;width:1px!important;border:0!important;overflow:hidden!important;padding:0!important;margin:0!important;\" data-rule-hcaptcha=\"1\"><\/div><div class=\"wpforms-submit-container\" ><input type=\"hidden\" name=\"wpforms[id]\" value=\"562\"><input type=\"hidden\" name=\"page_title\" value=\"\"><input type=\"hidden\" name=\"page_url\" value=\"https:\/\/anidrasrooms.com\/index.php\/wp-json\/wp\/v2\/pages\/552\"><input type=\"hidden\" name=\"url_referer\" value=\"\"><button type=\"submit\" name=\"wpforms[submit]\" id=\"wpforms-submit-562\" class=\"wpforms-submit\" data-alt-text=\"Enviando... \/ Sending...\" data-submit-text=\"Enviar \/ Submit\" aria-live=\"assertive\" value=\"wpforms-submit\">Enviar \/ Submit<\/button><img loading=\"lazy\" decoding=\"async\" src=\"https:\/\/anidrasrooms.com\/wp-content\/plugins\/wpforms-lite\/assets\/images\/submit-spin.svg\" class=\"wpforms-submit-spinner\" style=\"display: none;\" width=\"26\" height=\"26\" alt=\"Cargando\"><\/div><\/form><\/div>  <!-- .wpforms-container -->","protected":false},"excerpt":{"rendered":"<p>Si necesita realizar alguna consulta, o aclarar alguna duda puede usar el siguiente formulario de contacto;<\/p>\n","protected":false},"author":1,"featured_media":0,"parent":0,"menu_order":0,"comment_status":"closed","ping_status":"closed","template":"","meta":{"footnotes":""},"class_list":["post-552","page","type-page","status-publish","hentry"],"yoast_head":"<!-- This site is optimized with the Yoast SEO plugin v27.3 - https:\/\/yoast.com\/product\/yoast-seo-wordpress\/ -->\n<title>Contacto - ANIDRAS Rooms<\/title>\n<meta name=\"description\" content=\"ANIDRAS Rooms %\" \/>\n<meta name=\"robots\" content=\"index, follow, max-snippet:-1, max-image-preview:large, max-video-preview:-1\" \/>\n<link rel=\"canonical\" href=\"https:\/\/anidrasrooms.com\/index.php\/contacto\/\" \/>\n<meta property=\"og:locale\" content=\"es_ES\" \/>\n<meta property=\"og:type\" content=\"article\" \/>\n<meta property=\"og:title\" content=\"Contacto - ANIDRAS Rooms\" \/>\n<meta property=\"og:description\" content=\"ANIDRAS Rooms %\" \/>\n<meta property=\"og:url\" content=\"https:\/\/anidrasrooms.com\/index.php\/contacto\/\" \/>\n<meta property=\"og:site_name\" content=\"ANIDRAS Rooms\" \/>\n<meta property=\"article:publisher\" content=\"https:\/\/www.facebook.com\/Anidras-Rooms-678636835812346\" \/>\n<meta property=\"article:modified_time\" content=\"2022-12-11T21:12:34+00:00\" \/>\n<meta name=\"twitter:card\" content=\"summary_large_image\" \/>\n<meta name=\"twitter:label1\" content=\"Tiempo de lectura\" \/>\n\t<meta name=\"twitter:data1\" content=\"1 minuto\" \/>\n<script type=\"application\/ld+json\" class=\"yoast-schema-graph\">{\"@context\":\"https:\\\/\\\/schema.org\",\"@graph\":[{\"@type\":\"WebPage\",\"@id\":\"https:\\\/\\\/anidrasrooms.com\\\/index.php\\\/contacto\\\/\",\"url\":\"https:\\\/\\\/anidrasrooms.com\\\/index.php\\\/contacto\\\/\",\"name\":\"Contacto - ANIDRAS Rooms\",\"isPartOf\":{\"@id\":\"https:\\\/\\\/anidrasrooms.com\\\/#website\"},\"datePublished\":\"2022-03-12T18:26:32+00:00\",\"dateModified\":\"2022-12-11T21:12:34+00:00\",\"description\":\"ANIDRAS Rooms %\",\"breadcrumb\":{\"@id\":\"https:\\\/\\\/anidrasrooms.com\\\/index.php\\\/contacto\\\/#breadcrumb\"},\"inLanguage\":\"es\",\"potentialAction\":[{\"@type\":\"ReadAction\",\"target\":[\"https:\\\/\\\/anidrasrooms.com\\\/index.php\\\/contacto\\\/\"]}]},{\"@type\":\"BreadcrumbList\",\"@id\":\"https:\\\/\\\/anidrasrooms.com\\\/index.php\\\/contacto\\\/#breadcrumb\",\"itemListElement\":[{\"@type\":\"ListItem\",\"position\":1,\"name\":\"Portada\",\"item\":\"https:\\\/\\\/anidrasrooms.com\\\/\"},{\"@type\":\"ListItem\",\"position\":2,\"name\":\"Contacto\"}]},{\"@type\":\"WebSite\",\"@id\":\"https:\\\/\\\/anidrasrooms.com\\\/#website\",\"url\":\"https:\\\/\\\/anidrasrooms.com\\\/\",\"name\":\"ANIDRAS Rooms\",\"description\":\"VV-35\\\/1\\\/3699 . Tu alojamiento en Playa de Sardina - G\u00e1ldar - Gran Canaria\",\"publisher\":{\"@id\":\"https:\\\/\\\/anidrasrooms.com\\\/#organization\"},\"potentialAction\":[{\"@type\":\"SearchAction\",\"target\":{\"@type\":\"EntryPoint\",\"urlTemplate\":\"https:\\\/\\\/anidrasrooms.com\\\/?s={search_term_string}\"},\"query-input\":{\"@type\":\"PropertyValueSpecification\",\"valueRequired\":true,\"valueName\":\"search_term_string\"}}],\"inLanguage\":\"es\"},{\"@type\":\"Organization\",\"@id\":\"https:\\\/\\\/anidrasrooms.com\\\/#organization\",\"name\":\"ANIDRAS Rooms\",\"url\":\"https:\\\/\\\/anidrasrooms.com\\\/\",\"logo\":{\"@type\":\"ImageObject\",\"inLanguage\":\"es\",\"@id\":\"https:\\\/\\\/anidrasrooms.com\\\/#\\\/schema\\\/logo\\\/image\\\/\",\"url\":\"https:\\\/\\\/i0.wp.com\\\/anidrasrooms.com\\\/wp-content\\\/uploads\\\/2022\\\/03\\\/Anidras-LOGO-Transparencia-e1670719010115.png?fit=95%2C94&ssl=1\",\"contentUrl\":\"https:\\\/\\\/i0.wp.com\\\/anidrasrooms.com\\\/wp-content\\\/uploads\\\/2022\\\/03\\\/Anidras-LOGO-Transparencia-e1670719010115.png?fit=95%2C94&ssl=1\",\"width\":95,\"height\":94,\"caption\":\"ANIDRAS Rooms\"},\"image\":{\"@id\":\"https:\\\/\\\/anidrasrooms.com\\\/#\\\/schema\\\/logo\\\/image\\\/\"},\"sameAs\":[\"https:\\\/\\\/www.facebook.com\\\/Anidras-Rooms-678636835812346\",\"https:\\\/\\\/www.instagram.com\\\/anidrasrooms\\\/?hl=es\"]}]}<\/script>\n<!-- \/ Yoast SEO plugin. -->","yoast_head_json":{"title":"Contacto - ANIDRAS Rooms","description":"ANIDRAS Rooms %","robots":{"index":"index","follow":"follow","max-snippet":"max-snippet:-1","max-image-preview":"max-image-preview:large","max-video-preview":"max-video-preview:-1"},"canonical":"https:\/\/anidrasrooms.com\/index.php\/contacto\/","og_locale":"es_ES","og_type":"article","og_title":"Contacto - ANIDRAS Rooms","og_description":"ANIDRAS Rooms %","og_url":"https:\/\/anidrasrooms.com\/index.php\/contacto\/","og_site_name":"ANIDRAS Rooms","article_publisher":"https:\/\/www.facebook.com\/Anidras-Rooms-678636835812346","article_modified_time":"2022-12-11T21:12:34+00:00","twitter_card":"summary_large_image","twitter_misc":{"Tiempo de lectura":"1 minuto"},"schema":{"@context":"https:\/\/schema.org","@graph":[{"@type":"WebPage","@id":"https:\/\/anidrasrooms.com\/index.php\/contacto\/","url":"https:\/\/anidrasrooms.com\/index.php\/contacto\/","name":"Contacto - ANIDRAS Rooms","isPartOf":{"@id":"https:\/\/anidrasrooms.com\/#website"},"datePublished":"2022-03-12T18:26:32+00:00","dateModified":"2022-12-11T21:12:34+00:00","description":"ANIDRAS Rooms %","breadcrumb":{"@id":"https:\/\/anidrasrooms.com\/index.php\/contacto\/#breadcrumb"},"inLanguage":"es","potentialAction":[{"@type":"ReadAction","target":["https:\/\/anidrasrooms.com\/index.php\/contacto\/"]}]},{"@type":"BreadcrumbList","@id":"https:\/\/anidrasrooms.com\/index.php\/contacto\/#breadcrumb","itemListElement":[{"@type":"ListItem","position":1,"name":"Portada","item":"https:\/\/anidrasrooms.com\/"},{"@type":"ListItem","position":2,"name":"Contacto"}]},{"@type":"WebSite","@id":"https:\/\/anidrasrooms.com\/#website","url":"https:\/\/anidrasrooms.com\/","name":"ANIDRAS Rooms","description":"VV-35\/1\/3699 . Tu alojamiento en Playa de Sardina - G\u00e1ldar - Gran Canaria","publisher":{"@id":"https:\/\/anidrasrooms.com\/#organization"},"potentialAction":[{"@type":"SearchAction","target":{"@type":"EntryPoint","urlTemplate":"https:\/\/anidrasrooms.com\/?s={search_term_string}"},"query-input":{"@type":"PropertyValueSpecification","valueRequired":true,"valueName":"search_term_string"}}],"inLanguage":"es"},{"@type":"Organization","@id":"https:\/\/anidrasrooms.com\/#organization","name":"ANIDRAS Rooms","url":"https:\/\/anidrasrooms.com\/","logo":{"@type":"ImageObject","inLanguage":"es","@id":"https:\/\/anidrasrooms.com\/#\/schema\/logo\/image\/","url":"https:\/\/i0.wp.com\/anidrasrooms.com\/wp-content\/uploads\/2022\/03\/Anidras-LOGO-Transparencia-e1670719010115.png?fit=95%2C94&ssl=1","contentUrl":"https:\/\/i0.wp.com\/anidrasrooms.com\/wp-content\/uploads\/2022\/03\/Anidras-LOGO-Transparencia-e1670719010115.png?fit=95%2C94&ssl=1","width":95,"height":94,"caption":"ANIDRAS Rooms"},"image":{"@id":"https:\/\/anidrasrooms.com\/#\/schema\/logo\/image\/"},"sameAs":["https:\/\/www.facebook.com\/Anidras-Rooms-678636835812346","https:\/\/www.instagram.com\/anidrasrooms\/?hl=es"]}]}},"jetpack_sharing_enabled":true,"_links":{"self":[{"href":"https:\/\/anidrasrooms.com\/index.php\/wp-json\/wp\/v2\/pages\/552","targetHints":{"allow":["GET"]}}],"collection":[{"href":"https:\/\/anidrasrooms.com\/index.php\/wp-json\/wp\/v2\/pages"}],"about":[{"href":"https:\/\/anidrasrooms.com\/index.php\/wp-json\/wp\/v2\/types\/page"}],"author":[{"embeddable":true,"href":"https:\/\/anidrasrooms.com\/index.php\/wp-json\/wp\/v2\/users\/1"}],"replies":[{"embeddable":true,"href":"https:\/\/anidrasrooms.com\/index.php\/wp-json\/wp\/v2\/comments?post=552"}],"version-history":[{"count":6,"href":"https:\/\/anidrasrooms.com\/index.php\/wp-json\/wp\/v2\/pages\/552\/revisions"}],"predecessor-version":[{"id":1095,"href":"https:\/\/anidrasrooms.com\/index.php\/wp-json\/wp\/v2\/pages\/552\/revisions\/1095"}],"wp:attachment":[{"href":"https:\/\/anidrasrooms.com\/index.php\/wp-json\/wp\/v2\/media?parent=552"}],"curies":[{"name":"wp","href":"https:\/\/api.w.org\/{rel}","templated":true}]}}