{"id":374,"date":"2022-02-27T11:23:24","date_gmt":"2022-02-27T11:23:24","guid":{"rendered":"https:\/\/anidrasrooms.com\/?page_id=374"},"modified":"2022-12-11T21:10:46","modified_gmt":"2022-12-11T21:10:46","slug":"legalidad","status":"publish","type":"page","link":"https:\/\/anidrasrooms.com\/index.php\/legalidad\/","title":{"rendered":"Aviso Legal"},"content":{"rendered":"\n<div style=\"height:30px\" aria-hidden=\"true\" class=\"wp-block-spacer\"><\/div>\n\n\n\n<p class=\"has-black-color has-white-background-color has-text-color has-background\">Este sitio web cumple con el Reglamento General de Protecci\u00f3n de Datos&nbsp;(RGPD)&nbsp;y lo establecido por la directiva ePrivacy. Para m\u00e1s informaci\u00f3n leer sobre las Pol\u00edticas de<strong> <a href=\"https:\/\/anidrasrooms.com\/index.php\/politica-de-privacidad\/\">Privacidad<\/a><\/strong> y de <a href=\"https:\/\/anidrasrooms.com\/index.php\/politica-de-cookies\/\"><strong>Cookies<\/strong><\/a>.<\/p>\n\n\n\n<p><\/p>\n","protected":false},"excerpt":{"rendered":"<p>Este sitio web cumple con el Reglamento General de Protecci\u00f3n de Datos&nbsp;(RGPD)&nbsp;y lo establecido por la directiva ePrivacy. Para m\u00e1s informaci\u00f3n leer sobre las Pol\u00edticas de Privacidad y de Cookies.<\/p>\n","protected":false},"author":1,"featured_media":0,"parent":0,"menu_order":0,"comment_status":"closed","ping_status":"closed","template":"","meta":{"footnotes":""},"class_list":["post-374","page","type-page","status-publish","hentry"],"yoast_head":"<!-- This site is optimized with the Yoast SEO plugin v27.3 - https:\/\/yoast.com\/product\/yoast-seo-wordpress\/ -->\n<title>Aviso Legal - ANIDRAS Rooms<\/title>\n<meta name=\"description\" content=\"ANIDRAS Rooms %\" \/>\n<meta name=\"robots\" content=\"index, follow, max-snippet:-1, max-image-preview:large, max-video-preview:-1\" \/>\n<link rel=\"canonical\" href=\"https:\/\/anidrasrooms.com\/index.php\/legalidad\/\" \/>\n<meta property=\"og:locale\" content=\"es_ES\" \/>\n<meta property=\"og:type\" content=\"article\" \/>\n<meta property=\"og:title\" content=\"Aviso Legal - ANIDRAS Rooms\" \/>\n<meta property=\"og:description\" content=\"ANIDRAS Rooms %\" \/>\n<meta property=\"og:url\" content=\"https:\/\/anidrasrooms.com\/index.php\/legalidad\/\" \/>\n<meta property=\"og:site_name\" content=\"ANIDRAS Rooms\" \/>\n<meta property=\"article:publisher\" content=\"https:\/\/www.facebook.com\/Anidras-Rooms-678636835812346\" \/>\n<meta property=\"article:modified_time\" content=\"2022-12-11T21:10:46+00:00\" \/>\n<meta name=\"twitter:card\" content=\"summary_large_image\" \/>\n<meta name=\"twitter:label1\" content=\"Tiempo de lectura\" \/>\n\t<meta name=\"twitter:data1\" content=\"1 minuto\" \/>\n<script type=\"application\/ld+json\" class=\"yoast-schema-graph\">{\"@context\":\"https:\\\/\\\/schema.org\",\"@graph\":[{\"@type\":\"WebPage\",\"@id\":\"https:\\\/\\\/anidrasrooms.com\\\/index.php\\\/legalidad\\\/\",\"url\":\"https:\\\/\\\/anidrasrooms.com\\\/index.php\\\/legalidad\\\/\",\"name\":\"Aviso Legal - ANIDRAS Rooms\",\"isPartOf\":{\"@id\":\"https:\\\/\\\/anidrasrooms.com\\\/#website\"},\"datePublished\":\"2022-02-27T11:23:24+00:00\",\"dateModified\":\"2022-12-11T21:10:46+00:00\",\"description\":\"ANIDRAS Rooms %\",\"breadcrumb\":{\"@id\":\"https:\\\/\\\/anidrasrooms.com\\\/index.php\\\/legalidad\\\/#breadcrumb\"},\"inLanguage\":\"es\",\"potentialAction\":[{\"@type\":\"ReadAction\",\"target\":[\"https:\\\/\\\/anidrasrooms.com\\\/index.php\\\/legalidad\\\/\"]}]},{\"@type\":\"BreadcrumbList\",\"@id\":\"https:\\\/\\\/anidrasrooms.com\\\/index.php\\\/legalidad\\\/#breadcrumb\",\"itemListElement\":[{\"@type\":\"ListItem\",\"position\":1,\"name\":\"Portada\",\"item\":\"https:\\\/\\\/anidrasrooms.com\\\/\"},{\"@type\":\"ListItem\",\"position\":2,\"name\":\"Aviso Legal\"}]},{\"@type\":\"WebSite\",\"@id\":\"https:\\\/\\\/anidrasrooms.com\\\/#website\",\"url\":\"https:\\\/\\\/anidrasrooms.com\\\/\",\"name\":\"ANIDRAS Rooms\",\"description\":\"VV-35\\\/1\\\/3699 . Tu alojamiento en Playa de Sardina - G\u00e1ldar - Gran Canaria\",\"publisher\":{\"@id\":\"https:\\\/\\\/anidrasrooms.com\\\/#organization\"},\"potentialAction\":[{\"@type\":\"SearchAction\",\"target\":{\"@type\":\"EntryPoint\",\"urlTemplate\":\"https:\\\/\\\/anidrasrooms.com\\\/?s={search_term_string}\"},\"query-input\":{\"@type\":\"PropertyValueSpecification\",\"valueRequired\":true,\"valueName\":\"search_term_string\"}}],\"inLanguage\":\"es\"},{\"@type\":\"Organization\",\"@id\":\"https:\\\/\\\/anidrasrooms.com\\\/#organization\",\"name\":\"ANIDRAS Rooms\",\"url\":\"https:\\\/\\\/anidrasrooms.com\\\/\",\"logo\":{\"@type\":\"ImageObject\",\"inLanguage\":\"es\",\"@id\":\"https:\\\/\\\/anidrasrooms.com\\\/#\\\/schema\\\/logo\\\/image\\\/\",\"url\":\"https:\\\/\\\/i0.wp.com\\\/anidrasrooms.com\\\/wp-content\\\/uploads\\\/2022\\\/03\\\/Anidras-LOGO-Transparencia-e1670719010115.png?fit=95%2C94&ssl=1\",\"contentUrl\":\"https:\\\/\\\/i0.wp.com\\\/anidrasrooms.com\\\/wp-content\\\/uploads\\\/2022\\\/03\\\/Anidras-LOGO-Transparencia-e1670719010115.png?fit=95%2C94&ssl=1\",\"width\":95,\"height\":94,\"caption\":\"ANIDRAS Rooms\"},\"image\":{\"@id\":\"https:\\\/\\\/anidrasrooms.com\\\/#\\\/schema\\\/logo\\\/image\\\/\"},\"sameAs\":[\"https:\\\/\\\/www.facebook.com\\\/Anidras-Rooms-678636835812346\",\"https:\\\/\\\/www.instagram.com\\\/anidrasrooms\\\/?hl=es\"]}]}<\/script>\n<!-- \/ Yoast SEO plugin. -->","yoast_head_json":{"title":"Aviso Legal - ANIDRAS Rooms","description":"ANIDRAS Rooms %","robots":{"index":"index","follow":"follow","max-snippet":"max-snippet:-1","max-image-preview":"max-image-preview:large","max-video-preview":"max-video-preview:-1"},"canonical":"https:\/\/anidrasrooms.com\/index.php\/legalidad\/","og_locale":"es_ES","og_type":"article","og_title":"Aviso Legal - ANIDRAS Rooms","og_description":"ANIDRAS Rooms %","og_url":"https:\/\/anidrasrooms.com\/index.php\/legalidad\/","og_site_name":"ANIDRAS Rooms","article_publisher":"https:\/\/www.facebook.com\/Anidras-Rooms-678636835812346","article_modified_time":"2022-12-11T21:10:46+00:00","twitter_card":"summary_large_image","twitter_misc":{"Tiempo de lectura":"1 minuto"},"schema":{"@context":"https:\/\/schema.org","@graph":[{"@type":"WebPage","@id":"https:\/\/anidrasrooms.com\/index.php\/legalidad\/","url":"https:\/\/anidrasrooms.com\/index.php\/legalidad\/","name":"Aviso Legal - ANIDRAS Rooms","isPartOf":{"@id":"https:\/\/anidrasrooms.com\/#website"},"datePublished":"2022-02-27T11:23:24+00:00","dateModified":"2022-12-11T21:10:46+00:00","description":"ANIDRAS Rooms %","breadcrumb":{"@id":"https:\/\/anidrasrooms.com\/index.php\/legalidad\/#breadcrumb"},"inLanguage":"es","potentialAction":[{"@type":"ReadAction","target":["https:\/\/anidrasrooms.com\/index.php\/legalidad\/"]}]},{"@type":"BreadcrumbList","@id":"https:\/\/anidrasrooms.com\/index.php\/legalidad\/#breadcrumb","itemListElement":[{"@type":"ListItem","position":1,"name":"Portada","item":"https:\/\/anidrasrooms.com\/"},{"@type":"ListItem","position":2,"name":"Aviso Legal"}]},{"@type":"WebSite","@id":"https:\/\/anidrasrooms.com\/#website","url":"https:\/\/anidrasrooms.com\/","name":"ANIDRAS Rooms","description":"VV-35\/1\/3699 . Tu alojamiento en Playa de Sardina - G\u00e1ldar - Gran Canaria","publisher":{"@id":"https:\/\/anidrasrooms.com\/#organization"},"potentialAction":[{"@type":"SearchAction","target":{"@type":"EntryPoint","urlTemplate":"https:\/\/anidrasrooms.com\/?s={search_term_string}"},"query-input":{"@type":"PropertyValueSpecification","valueRequired":true,"valueName":"search_term_string"}}],"inLanguage":"es"},{"@type":"Organization","@id":"https:\/\/anidrasrooms.com\/#organization","name":"ANIDRAS Rooms","url":"https:\/\/anidrasrooms.com\/","logo":{"@type":"ImageObject","inLanguage":"es","@id":"https:\/\/anidrasrooms.com\/#\/schema\/logo\/image\/","url":"https:\/\/i0.wp.com\/anidrasrooms.com\/wp-content\/uploads\/2022\/03\/Anidras-LOGO-Transparencia-e1670719010115.png?fit=95%2C94&ssl=1","contentUrl":"https:\/\/i0.wp.com\/anidrasrooms.com\/wp-content\/uploads\/2022\/03\/Anidras-LOGO-Transparencia-e1670719010115.png?fit=95%2C94&ssl=1","width":95,"height":94,"caption":"ANIDRAS Rooms"},"image":{"@id":"https:\/\/anidrasrooms.com\/#\/schema\/logo\/image\/"},"sameAs":["https:\/\/www.facebook.com\/Anidras-Rooms-678636835812346","https:\/\/www.instagram.com\/anidrasrooms\/?hl=es"]}]}},"jetpack_sharing_enabled":true,"_links":{"self":[{"href":"https:\/\/anidrasrooms.com\/index.php\/wp-json\/wp\/v2\/pages\/374","targetHints":{"allow":["GET"]}}],"collection":[{"href":"https:\/\/anidrasrooms.com\/index.php\/wp-json\/wp\/v2\/pages"}],"about":[{"href":"https:\/\/anidrasrooms.com\/index.php\/wp-json\/wp\/v2\/types\/page"}],"author":[{"embeddable":true,"href":"https:\/\/anidrasrooms.com\/index.php\/wp-json\/wp\/v2\/users\/1"}],"replies":[{"embeddable":true,"href":"https:\/\/anidrasrooms.com\/index.php\/wp-json\/wp\/v2\/comments?post=374"}],"version-history":[{"count":9,"href":"https:\/\/anidrasrooms.com\/index.php\/wp-json\/wp\/v2\/pages\/374\/revisions"}],"predecessor-version":[{"id":1093,"href":"https:\/\/anidrasrooms.com\/index.php\/wp-json\/wp\/v2\/pages\/374\/revisions\/1093"}],"wp:attachment":[{"href":"https:\/\/anidrasrooms.com\/index.php\/wp-json\/wp\/v2\/media?parent=374"}],"curies":[{"name":"wp","href":"https:\/\/api.w.org\/{rel}","templated":true}]}}